{"id":25,"date":"2026-01-17T14:06:57","date_gmt":"2026-01-17T14:06:57","guid":{"rendered":"https:\/\/stacjaterapiitraumy.pl\/?page_id=25"},"modified":"2026-02-19T19:52:59","modified_gmt":"2026-02-19T19:52:59","slug":"kontakt","status":"publish","type":"page","link":"https:\/\/stacjaterapiitraumy.pl\/index.php\/kontakt\/","title":{"rendered":"Kontakt"},"content":{"rendered":"\n<p><\/p>\n\n\n\n<p><\/p>\n\n\n\n<div class=\"wp-block-media-text is-stacked-on-mobile\" style=\"grid-template-columns:17% auto\"><figure class=\"wp-block-media-text__media\"><img loading=\"lazy\" decoding=\"async\" width=\"1024\" height=\"683\" src=\"https:\/\/stacjaterapiitraumy.pl\/wp-content\/uploads\/2026\/02\/AleksandraChybickaMyszka-1-1024x683.jpg\" alt=\"\" class=\"wp-image-203 size-full\" srcset=\"https:\/\/stacjaterapiitraumy.pl\/wp-content\/uploads\/2026\/02\/AleksandraChybickaMyszka-1-1024x683.jpg 1024w, https:\/\/stacjaterapiitraumy.pl\/wp-content\/uploads\/2026\/02\/AleksandraChybickaMyszka-1-300x200.jpg 300w, https:\/\/stacjaterapiitraumy.pl\/wp-content\/uploads\/2026\/02\/AleksandraChybickaMyszka-1-768x512.jpg 768w, https:\/\/stacjaterapiitraumy.pl\/wp-content\/uploads\/2026\/02\/AleksandraChybickaMyszka-1-1536x1025.jpg 1536w, https:\/\/stacjaterapiitraumy.pl\/wp-content\/uploads\/2026\/02\/AleksandraChybickaMyszka-1-2048x1366.jpg 2048w\" sizes=\"auto, (max-width: 1024px) 100vw, 1024px\" \/><\/figure><div class=\"wp-block-media-text__content\">\n<p><strong>dr Aleksandra Chybicka-Myszka<\/strong><\/p>\n\n\n\n<p>preferowany kontakt telefoniczny: 691679281<\/p>\n\n\n\n<p>gabinet: Wroc\u0142aw, ul. Kolejowa 34a\/7<\/p>\n\n\n\n<p><a href=\"mailto:achybicka@gmail.com\">achybicka@gmail.com<\/a><\/p>\n<\/div><\/div>\n\n\n\n<div class=\"wp-block-media-text is-stacked-on-mobile\" style=\"grid-template-columns:17% auto\"><figure class=\"wp-block-media-text__media\"><img loading=\"lazy\" decoding=\"async\" width=\"1024\" height=\"683\" src=\"https:\/\/stacjaterapiitraumy.pl\/wp-content\/uploads\/2026\/02\/joanna-piskorz-1024x683.jpg\" alt=\"\" class=\"wp-image-204 size-full\" srcset=\"https:\/\/stacjaterapiitraumy.pl\/wp-content\/uploads\/2026\/02\/joanna-piskorz-1024x683.jpg 1024w, https:\/\/stacjaterapiitraumy.pl\/wp-content\/uploads\/2026\/02\/joanna-piskorz-300x200.jpg 300w, https:\/\/stacjaterapiitraumy.pl\/wp-content\/uploads\/2026\/02\/joanna-piskorz-768x512.jpg 768w, https:\/\/stacjaterapiitraumy.pl\/wp-content\/uploads\/2026\/02\/joanna-piskorz-1536x1024.jpg 1536w, https:\/\/stacjaterapiitraumy.pl\/wp-content\/uploads\/2026\/02\/joanna-piskorz-2048x1366.jpg 2048w\" sizes=\"auto, (max-width: 1024px) 100vw, 1024px\" \/><\/figure><div class=\"wp-block-media-text__content\">\n<p><strong>dr Joanna Piskorz<\/strong><\/p>\n\n\n\n<p>preferowany kontakt telefoniczny: 609582493<\/p>\n\n\n\n<p>gabinet: Wroc\u0142aw, ul. Kolejowa 34a\/7<\/p>\n\n\n\n<p><a href=\"mailto:joanna.ewa.piskorz@gmail.com\">joanna.ewa.piskorz@gmail.com<\/a><\/p>\n<\/div><\/div>\n\n\n\n<div class=\"wp-block-media-text is-stacked-on-mobile\" style=\"grid-template-columns:17% auto\"><figure class=\"wp-block-media-text__media\"><img loading=\"lazy\" decoding=\"async\" width=\"1024\" height=\"683\" src=\"https:\/\/stacjaterapiitraumy.pl\/wp-content\/uploads\/2026\/02\/Monika-1024x683.jpeg\" alt=\"\" class=\"wp-image-278 size-full\" srcset=\"https:\/\/stacjaterapiitraumy.pl\/wp-content\/uploads\/2026\/02\/Monika-1024x683.jpeg 1024w, https:\/\/stacjaterapiitraumy.pl\/wp-content\/uploads\/2026\/02\/Monika-300x200.jpeg 300w, https:\/\/stacjaterapiitraumy.pl\/wp-content\/uploads\/2026\/02\/Monika-768x512.jpeg 768w, https:\/\/stacjaterapiitraumy.pl\/wp-content\/uploads\/2026\/02\/Monika-1536x1024.jpeg 1536w, https:\/\/stacjaterapiitraumy.pl\/wp-content\/uploads\/2026\/02\/Monika.jpeg 1600w\" sizes=\"auto, (max-width: 1024px) 100vw, 1024px\" \/><\/figure><div class=\"wp-block-media-text__content\">\n<p><strong>Monika Cwajda<\/strong><\/p>\n\n\n\n<p>preferowany kontakt telefoniczny: 501121464<\/p>\n\n\n\n<p>Sesje on-line<\/p>\n\n\n\n<p><a href=\"mailto:monika.cwajda@gmail.com\">monika.cwajda@gmail.com<\/a><\/p>\n<\/div><\/div>\n\n\n\n<div class=\"wp-block-media-text is-stacked-on-mobile\" style=\"grid-template-columns:17% auto\"><figure class=\"wp-block-media-text__media\"><img loading=\"lazy\" decoding=\"async\" width=\"1024\" height=\"819\" src=\"https:\/\/stacjaterapiitraumy.pl\/wp-content\/uploads\/2026\/02\/Kamila_Fron-Malinowska-1024x819.jpg\" alt=\"\" class=\"wp-image-237 size-full\" srcset=\"https:\/\/stacjaterapiitraumy.pl\/wp-content\/uploads\/2026\/02\/Kamila_Fron-Malinowska-1024x819.jpg 1024w, https:\/\/stacjaterapiitraumy.pl\/wp-content\/uploads\/2026\/02\/Kamila_Fron-Malinowska-300x240.jpg 300w, https:\/\/stacjaterapiitraumy.pl\/wp-content\/uploads\/2026\/02\/Kamila_Fron-Malinowska-768x614.jpg 768w, https:\/\/stacjaterapiitraumy.pl\/wp-content\/uploads\/2026\/02\/Kamila_Fron-Malinowska-1536x1228.jpg 1536w, https:\/\/stacjaterapiitraumy.pl\/wp-content\/uploads\/2026\/02\/Kamila_Fron-Malinowska-2048x1637.jpg 2048w\" sizes=\"auto, (max-width: 1024px) 100vw, 1024px\" \/><\/figure><div class=\"wp-block-media-text__content\">\n<p><strong>Kamila Fro\u0144-Malinowska<\/strong><\/p>\n\n\n\n<p>preferowany kontakt telefoniczny: 693443987<\/p>\n\n\n\n<p>gabinet: Zielona G\u00f3ra ul. Wi\u015bniowa 12<\/p>\n\n\n\n<p><a href=\"mailto:fronkamila@gmail.com\">fronkamila@gmail.com<\/a><\/p>\n<\/div><\/div>\n\n\n\n<div class=\"wp-block-columns alignfull is-layout-flex wp-container-core-columns-is-layout-28f84493 wp-block-columns-is-layout-flex\">\n<div class=\"wp-block-column is-layout-flow wp-block-column-is-layout-flow\">\n<p><\/p>\n<\/div>\n<\/div>\n\n\n\n<div class=\"wp-block-columns container is-layout-flex wp-container-core-columns-is-layout-28f84493 wp-block-columns-is-layout-flex\">\n<div class=\"wp-block-column is-vertically-aligned-center is-layout-flow wp-block-column-is-layout-flow\">\n<div class=\"wp-block-columns is-layout-flex wp-container-core-columns-is-layout-28f84493 wp-block-columns-is-layout-flex\">\n<div class=\"wp-block-column is-layout-flow wp-block-column-is-layout-flow\"><\/div>\n<\/div>\n<\/div>\n<\/div>\n\n\n\n<p><\/p>\n","protected":false},"excerpt":{"rendered":"<p>dr Aleksandra Chybicka-Myszka preferowany kontakt telefoniczny: 691679281 gabinet: Wroc\u0142aw, ul. Kolejowa 34a\/7 achybicka@gmail.com dr Joanna Piskorz preferowany kontakt telefoniczny: 609582493 gabinet: Wroc\u0142aw, ul. Kolejowa 34a\/7 joanna.ewa.piskorz@gmail.com Monika Cwajda preferowany kontakt telefoniczny: 501121464 Sesje on-line monika.cwajda@gmail.com Kamila Fro\u0144-Malinowska preferowany kontakt telefoniczny: 693443987 gabinet: Zielona G\u00f3ra ul. Wi\u015bniowa 12 fronkamila@gmail.com<\/p>\n","protected":false},"author":1,"featured_media":17,"parent":0,"menu_order":0,"comment_status":"closed","ping_status":"closed","template":"","meta":{"footnotes":""},"class_list":["post-25","page","type-page","status-publish","has-post-thumbnail","hentry"],"_links":{"self":[{"href":"https:\/\/stacjaterapiitraumy.pl\/index.php\/wp-json\/wp\/v2\/pages\/25","targetHints":{"allow":["GET"]}}],"collection":[{"href":"https:\/\/stacjaterapiitraumy.pl\/index.php\/wp-json\/wp\/v2\/pages"}],"about":[{"href":"https:\/\/stacjaterapiitraumy.pl\/index.php\/wp-json\/wp\/v2\/types\/page"}],"author":[{"embeddable":true,"href":"https:\/\/stacjaterapiitraumy.pl\/index.php\/wp-json\/wp\/v2\/users\/1"}],"replies":[{"embeddable":true,"href":"https:\/\/stacjaterapiitraumy.pl\/index.php\/wp-json\/wp\/v2\/comments?post=25"}],"version-history":[{"count":24,"href":"https:\/\/stacjaterapiitraumy.pl\/index.php\/wp-json\/wp\/v2\/pages\/25\/revisions"}],"predecessor-version":[{"id":279,"href":"https:\/\/stacjaterapiitraumy.pl\/index.php\/wp-json\/wp\/v2\/pages\/25\/revisions\/279"}],"wp:featuredmedia":[{"embeddable":true,"href":"https:\/\/stacjaterapiitraumy.pl\/index.php\/wp-json\/wp\/v2\/media\/17"}],"wp:attachment":[{"href":"https:\/\/stacjaterapiitraumy.pl\/index.php\/wp-json\/wp\/v2\/media?parent=25"}],"curies":[{"name":"wp","href":"https:\/\/api.w.org\/{rel}","templated":true}]}}