{"id":226,"date":"2026-02-14T12:56:50","date_gmt":"2026-02-14T12:56:50","guid":{"rendered":"https:\/\/stacjaterapiitraumy.pl\/?page_id=226"},"modified":"2026-02-14T16:18:34","modified_gmt":"2026-02-14T16:18:34","slug":"mgr-kamila-fron-malinowska","status":"publish","type":"page","link":"https:\/\/stacjaterapiitraumy.pl\/index.php\/mgr-kamila-fron-malinowska\/","title":{"rendered":"Kamila Fro\u0144 &#8211; Malinowska"},"content":{"rendered":"\n<figure class=\"wp-block-image size-large is-resized\"><img loading=\"lazy\" decoding=\"async\" width=\"682\" height=\"1024\" src=\"http:\/\/stacjaterapiitraumy.pl\/wp-content\/uploads\/2026\/01\/Kamila-Fron-Malinowska-682x1024.jpg\" alt=\"\" class=\"wp-image-228\" style=\"aspect-ratio:0.6660164271047228;width:322px;height:auto\" srcset=\"https:\/\/stacjaterapiitraumy.pl\/wp-content\/uploads\/2026\/01\/Kamila-Fron-Malinowska-682x1024.jpg 682w, https:\/\/stacjaterapiitraumy.pl\/wp-content\/uploads\/2026\/01\/Kamila-Fron-Malinowska-200x300.jpg 200w, https:\/\/stacjaterapiitraumy.pl\/wp-content\/uploads\/2026\/01\/Kamila-Fron-Malinowska-768x1152.jpg 768w, https:\/\/stacjaterapiitraumy.pl\/wp-content\/uploads\/2026\/01\/Kamila-Fron-Malinowska.jpg 833w\" sizes=\"auto, (max-width: 682px) 100vw, 682px\" \/><\/figure>\n\n\n\n<p>Jestem psycholo\u017ck\u0105 i certyfikowan\u0105 terapeutk\u0105 pracuj\u0105c\u0105 w nurcie terapii traumy z wykorzystaniem podej\u015b\u0107 Somatic Experiencing oraz NARM\u2122 (<a href=\"https:\/\/stacjaterapiitraumy.pl\/index.php\/neuroafektywny-model-relacyjny-narm\/\" data-type=\"page\" data-id=\"65\">NeuroAffective Relational Model<\/a>). Towarzysz\u0119 osobom doros\u0142ym do\u015bwiadczaj\u0105cym skutk\u00f3w przewlek\u0142ego stresu, traumy rozwojowej, trudno\u015bci w regulacji emocji oraz problem\u00f3w w relacjach z innymi i samym sob\u0105.<\/p>\n\n\n\n<p>W pracy wa\u017cne s\u0105 dla mnie: uwa\u017cno\u015b\u0107, autentyczna relacja, szacunek dla indywidualnego tempa. Terapi\u0119 rozumiem jako spotkanie, w kt\u00f3rym wsp\u00f3lnie zatrzymujemy si\u0119 przy tym, co wymaga uwagi. Nie chodzi o naprawianie siebie &#8211; uczymy si\u0119 odzyskiwa\u0107 w\u0142asn\u0105 moc, stawia\u0107 granice i czu\u0107 emocje. W ten spos\u00f3b odzyskujemy kontakt z w\u0142asnymi potrzebami i wra\u017cliwo\u015bci\u0105, tworz\u0105c przestrze\u0144 do zmiany i nowych sposob\u00f3w bycia w \u015bwiecie.<\/p>\n\n\n\n<p>Korzystam r\u00f3wnie\u017c z narz\u0119dzi biofeedbacku, kt\u00f3re wspieraj\u0105 proces terapii poprzez pog\u0142\u0119bianie \u015bwiadomo\u015bci cia\u0142a, regulacj\u0119 pobudzenia i budowanie poczucia wp\u0142ywu.<\/p>\n\n\n\n<p>Swoj\u0105 prac\u0119 regularnie superwizuj\u0119 i stale rozwijam kompetencje w obszarze psychotraumatologii, regulacji uk\u0142adu nerwowego i terapii relacyjnej.<\/p>\n\n\n\n<p><strong>Kontakt<\/strong><\/p>\n\n\n\n<p>tel. 693443987<\/p>\n\n\n\n<p>e-mail: <a href=\"mailto:fronkamila@gmail.com\">fronkamila@gmail.com<\/a><\/p>\n\n\n\n<p>gabinet: Zielona G\u00f3ra ul. Wi\u015bniowa 12<\/p>\n\n\n\n<p><\/p>\n","protected":false},"excerpt":{"rendered":"<p>Jestem psycholo\u017ck\u0105 i certyfikowan\u0105 terapeutk\u0105 pracuj\u0105c\u0105 w nurcie terapii traumy z wykorzystaniem podej\u015b\u0107 Somatic Experiencing oraz NARM\u2122 (NeuroAffective Relational Model). Towarzysz\u0119 osobom doros\u0142ym do\u015bwiadczaj\u0105cym skutk\u00f3w przewlek\u0142ego stresu, traumy rozwojowej, trudno\u015bci w regulacji emocji oraz problem\u00f3w w relacjach z innymi i samym sob\u0105. W pracy wa\u017cne s\u0105 dla mnie: uwa\u017cno\u015b\u0107, autentyczna relacja, szacunek dla indywidualnego tempa. [&hellip;]<\/p>\n","protected":false},"author":1,"featured_media":0,"parent":0,"menu_order":0,"comment_status":"closed","ping_status":"closed","template":"","meta":{"footnotes":""},"class_list":["post-226","page","type-page","status-publish","hentry"],"_links":{"self":[{"href":"https:\/\/stacjaterapiitraumy.pl\/index.php\/wp-json\/wp\/v2\/pages\/226","targetHints":{"allow":["GET"]}}],"collection":[{"href":"https:\/\/stacjaterapiitraumy.pl\/index.php\/wp-json\/wp\/v2\/pages"}],"about":[{"href":"https:\/\/stacjaterapiitraumy.pl\/index.php\/wp-json\/wp\/v2\/types\/page"}],"author":[{"embeddable":true,"href":"https:\/\/stacjaterapiitraumy.pl\/index.php\/wp-json\/wp\/v2\/users\/1"}],"replies":[{"embeddable":true,"href":"https:\/\/stacjaterapiitraumy.pl\/index.php\/wp-json\/wp\/v2\/comments?post=226"}],"version-history":[{"count":4,"href":"https:\/\/stacjaterapiitraumy.pl\/index.php\/wp-json\/wp\/v2\/pages\/226\/revisions"}],"predecessor-version":[{"id":268,"href":"https:\/\/stacjaterapiitraumy.pl\/index.php\/wp-json\/wp\/v2\/pages\/226\/revisions\/268"}],"wp:attachment":[{"href":"https:\/\/stacjaterapiitraumy.pl\/index.php\/wp-json\/wp\/v2\/media?parent=226"}],"curies":[{"name":"wp","href":"https:\/\/api.w.org\/{rel}","templated":true}]}}