{"id":209,"date":"2026-02-14T12:32:27","date_gmt":"2026-02-14T12:32:27","guid":{"rendered":"https:\/\/stacjaterapiitraumy.pl\/?page_id=209"},"modified":"2026-02-14T16:17:50","modified_gmt":"2026-02-14T16:17:50","slug":"monika-cwajda","status":"publish","type":"page","link":"https:\/\/stacjaterapiitraumy.pl\/index.php\/monika-cwajda\/","title":{"rendered":"Monika Cwajda"},"content":{"rendered":"\n<figure class=\"wp-block-image size-large is-resized\"><img loading=\"lazy\" decoding=\"async\" width=\"813\" height=\"1024\" src=\"https:\/\/stacjaterapiitraumy.pl\/wp-content\/uploads\/2026\/02\/MonikaCwajda-813x1024.jpeg\" alt=\"\" class=\"wp-image-210\" style=\"aspect-ratio:0.7939510099201752;width:293px;height:auto\" srcset=\"https:\/\/stacjaterapiitraumy.pl\/wp-content\/uploads\/2026\/02\/MonikaCwajda-813x1024.jpeg 813w, https:\/\/stacjaterapiitraumy.pl\/wp-content\/uploads\/2026\/02\/MonikaCwajda-238x300.jpeg 238w, https:\/\/stacjaterapiitraumy.pl\/wp-content\/uploads\/2026\/02\/MonikaCwajda-768x967.jpeg 768w, https:\/\/stacjaterapiitraumy.pl\/wp-content\/uploads\/2026\/02\/MonikaCwajda-1220x1536.jpeg 1220w, https:\/\/stacjaterapiitraumy.pl\/wp-content\/uploads\/2026\/02\/MonikaCwajda.jpeg 1271w\" sizes=\"auto, (max-width: 813px) 100vw, 813px\" \/><\/figure>\n\n\n\n<p>Jestem psycholo\u017ck\u0105, terapeutk\u0105 systemow\u0105 oraz certyfikowan\u0105 terapeutk\u0105 traumy rozwojowej, relacyjnej i szokowej. Od ponad kilkunastu lat towarzysz\u0119 osobom m\u0142odym, rodzinom i doros\u0142ym w ich drodze odzyskiwania pe\u0142ni \u017cycia po trudnych i bolesnych do\u015bwiadczeniach z przesz\u0142o\u015bci.<\/p>\n\n\n\n<p>W pracy z osobami doros\u0142ymi koncentruj\u0119 si\u0119 przede wszystkim na skutkach wczesnych do\u015bwiadcze\u0144 relacyjnych, kt\u00f3re mog\u0105 wp\u0142ywa\u0107 na ich aktualny spos\u00f3b budowania blisko\u015bci, poczucie w\u0142asnej warto\u015bci, regulacj\u0119 emocji czy odczuwanie bezpiecze\u0144stwa w \u015bwiecie.<\/p>\n\n\n\n<p>Pracuj\u0119 w podej\u015bciu NARM\u2122 (<a href=\"https:\/\/stacjaterapiitraumy.pl\/index.php\/neuroafektywny-model-relacyjny-narm\/\" data-type=\"page\" data-id=\"65\">NeuroAffective Relational Model<\/a>) wykorzystuj\u0105c r\u00f3wnie\u017c wiedz\u0119 z obszaru <a href=\"https:\/\/stacjaterapiitraumy.pl\/index.php\/se\/\" data-type=\"page\" data-id=\"83\">Somatic Experiencing<\/a>\u00ae. \u0141\u0105cz\u0119 perspektyw\u0119 relacyjn\u0105 z uwa\u017cno\u015bci\u0105 na cia\u0142o i autonomiczny uk\u0142ad nerwowy, wspieraj\u0105c proces odzyskiwania wewn\u0119trznej si\u0142y \u017cyciowej i kontaktu ze sob\u0105.<\/p>\n\n\n\n<p>Swoj\u0105 prac\u0119 poddaj\u0119 regularnej superwizji u certyfikowanych superwizor\u00f3w NARM zar\u00f3wno w Polsce, jak i zagranic\u0105. Nale\u017c\u0119 do <a href=\"https:\/\/sttr.pl\/\">Stowarzyszenia Terapeut\u00f3w Traumy Relacyjnej<\/a>, gdzie pog\u0142\u0119biam swoje umiej\u0119tno\u015bci uczestnicz\u0105c w szkoleniach i superwizjach.<\/p>\n\n\n\n<p><strong>Kontakt<\/strong><\/p>\n\n\n\n<p>tel. 501121464<\/p>\n\n\n\n<p>e-mail:<a href=\"mailto:joanna.ewa.piskorz@gmail.com\"> <\/a><a href=\"mailto:monika.cwajda@gmail.com\">monika.cwajda@gmail.com<\/a><\/p>\n\n\n\n<p>sesje on-line<\/p>\n","protected":false},"excerpt":{"rendered":"<p>Jestem psycholo\u017ck\u0105, terapeutk\u0105 systemow\u0105 oraz certyfikowan\u0105 terapeutk\u0105 traumy rozwojowej, relacyjnej i szokowej. Od ponad kilkunastu lat towarzysz\u0119 osobom m\u0142odym, rodzinom i doros\u0142ym w ich drodze odzyskiwania pe\u0142ni \u017cycia po trudnych i bolesnych do\u015bwiadczeniach z przesz\u0142o\u015bci. W pracy z osobami doros\u0142ymi koncentruj\u0119 si\u0119 przede wszystkim na skutkach wczesnych do\u015bwiadcze\u0144 relacyjnych, kt\u00f3re mog\u0105 wp\u0142ywa\u0107 na ich aktualny [&hellip;]<\/p>\n","protected":false},"author":1,"featured_media":0,"parent":0,"menu_order":0,"comment_status":"closed","ping_status":"closed","template":"","meta":{"footnotes":""},"class_list":["post-209","page","type-page","status-publish","hentry"],"_links":{"self":[{"href":"https:\/\/stacjaterapiitraumy.pl\/index.php\/wp-json\/wp\/v2\/pages\/209","targetHints":{"allow":["GET"]}}],"collection":[{"href":"https:\/\/stacjaterapiitraumy.pl\/index.php\/wp-json\/wp\/v2\/pages"}],"about":[{"href":"https:\/\/stacjaterapiitraumy.pl\/index.php\/wp-json\/wp\/v2\/types\/page"}],"author":[{"embeddable":true,"href":"https:\/\/stacjaterapiitraumy.pl\/index.php\/wp-json\/wp\/v2\/users\/1"}],"replies":[{"embeddable":true,"href":"https:\/\/stacjaterapiitraumy.pl\/index.php\/wp-json\/wp\/v2\/comments?post=209"}],"version-history":[{"count":8,"href":"https:\/\/stacjaterapiitraumy.pl\/index.php\/wp-json\/wp\/v2\/pages\/209\/revisions"}],"predecessor-version":[{"id":266,"href":"https:\/\/stacjaterapiitraumy.pl\/index.php\/wp-json\/wp\/v2\/pages\/209\/revisions\/266"}],"wp:attachment":[{"href":"https:\/\/stacjaterapiitraumy.pl\/index.php\/wp-json\/wp\/v2\/media?parent=209"}],"curies":[{"name":"wp","href":"https:\/\/api.w.org\/{rel}","templated":true}]}}