{"id":182,"date":"2026-02-08T12:20:31","date_gmt":"2026-02-08T12:20:31","guid":{"rendered":"https:\/\/stacjaterapiitraumy.pl\/?page_id=182"},"modified":"2026-02-14T14:29:13","modified_gmt":"2026-02-14T14:29:13","slug":"dr-aleksandra-chybicka-myszka","status":"publish","type":"page","link":"https:\/\/stacjaterapiitraumy.pl\/index.php\/dr-aleksandra-chybicka-myszka\/","title":{"rendered":"dr Aleksandra Chybicka-Myszka"},"content":{"rendered":"\n<figure class=\"wp-block-image size-full is-resized\"><img decoding=\"async\" src=\"http:\/\/stacjaterapiitraumy.pl\/wp-content\/uploads\/2026\/01\/Aleksandra-Chybicka-Myszka.jpg\" alt=\"\" class=\"wp-image-103\" style=\"width:300px\"\/><\/figure>\n\n\n\n<p>Jestem doktorem psychologii i od ponad 20 lat towarzysz\u0119 ludziom w procesie zdrowienia po do\u015bwiadczeniach traumy. Pracuj\u0119 indywidualnie z traum\u0105 rozwojow\u0105, relacyjn\u0105 i szokow\u0105, a tak\u017ce prowadz\u0119 superwizje w podej\u015bciu NARM\u2122 (<a href=\"https:\/\/stacjaterapiitraumy.pl\/index.php\/neuroafektywny-model-relacyjny-narm\/\" data-type=\"page\" data-id=\"65\">NeuroAffective Relational Model<\/a>).<\/p>\n\n\n\n<p>W pracy najwa\u017cniejsze s\u0105 dla mnie bezpiecze\u0144stwo, uwa\u017cno\u015b\u0107 i kontakt \u2014 oraz ponowne nawi\u0105zywanie po\u0142\u0105czenia z dojrza\u0142ymi aspektami psychiki i zasobami, kt\u00f3re pomagaj\u0105 wraca\u0107 do siebie. Towarzysz\u0119 w tym, co dzieje si\u0119 \u201etu i teraz\u201d, integruj\u0105c poziom poznawczy, emocjonalny, cielesny i duchowy, w tempie szanuj\u0105cym mo\u017cliwo\u015bci danej osoby.<\/p>\n\n\n\n<p>W 2025 roku, wsp\u00f3lnie z dr <a href=\"https:\/\/kochan-wojcik.pl\/o-mnie\/\">Mart\u0105 Kochan-W\u00f3jcik<\/a>, wsp\u00f3\u0142za\u0142o\u017cy\u0142am <a href=\"https:\/\/sttr.pl\/\">Stowarzyszenie Terapeut\u00f3w Traumy Relacyjnej<\/a>. Prowadz\u0119 tak\u017ce superwizje grupowe, webinary tematyczne i warsztaty dla terapeut\u00f3w pracuj\u0105cych z traum\u0105. Asystuj\u0119 na kursach NARM od 2017 roku mi\u0119dzy innymi w Polsce, Belgii, Grecji Rumunii, Portugalii i Francji, a w 2026 roku b\u0119d\u0119 asystowa\u0107 tw\u00f3rcy metody \u2014 Lawrence\u2019owi Hellerowi.<\/p>\n\n\n\n<p><strong>Kontakt<\/strong><\/p>\n\n\n\n<p>tel. 691679281<\/p>\n\n\n\n<p>e-mail: <a href=\"mailto:achybicka@gmail.com\">achybicka@gmail.com<\/a><\/p>\n\n\n\n<p>gabinet: Wroc\u0142aw, ul. Kolejowa 34a\/7<\/p>\n\n\n\n<p>Zob. <a href=\"https:\/\/chybicka-myszka.pl\/\">https:\/\/chybicka-myszka.pl\/<\/a>.<\/p>\n\n\n\n<p><\/p>\n","protected":false},"excerpt":{"rendered":"<p>Jestem doktorem psychologii i od ponad 20 lat towarzysz\u0119 ludziom w procesie zdrowienia po do\u015bwiadczeniach traumy. Pracuj\u0119 indywidualnie z traum\u0105 rozwojow\u0105, relacyjn\u0105 i szokow\u0105, a tak\u017ce prowadz\u0119 superwizje w podej\u015bciu NARM\u2122 (NeuroAffective Relational Model). W pracy najwa\u017cniejsze s\u0105 dla mnie bezpiecze\u0144stwo, uwa\u017cno\u015b\u0107 i kontakt \u2014 oraz ponowne nawi\u0105zywanie po\u0142\u0105czenia z dojrza\u0142ymi aspektami psychiki i zasobami, [&hellip;]<\/p>\n","protected":false},"author":1,"featured_media":0,"parent":0,"menu_order":0,"comment_status":"closed","ping_status":"closed","template":"","meta":{"footnotes":""},"class_list":["post-182","page","type-page","status-publish","hentry"],"_links":{"self":[{"href":"https:\/\/stacjaterapiitraumy.pl\/index.php\/wp-json\/wp\/v2\/pages\/182","targetHints":{"allow":["GET"]}}],"collection":[{"href":"https:\/\/stacjaterapiitraumy.pl\/index.php\/wp-json\/wp\/v2\/pages"}],"about":[{"href":"https:\/\/stacjaterapiitraumy.pl\/index.php\/wp-json\/wp\/v2\/types\/page"}],"author":[{"embeddable":true,"href":"https:\/\/stacjaterapiitraumy.pl\/index.php\/wp-json\/wp\/v2\/users\/1"}],"replies":[{"embeddable":true,"href":"https:\/\/stacjaterapiitraumy.pl\/index.php\/wp-json\/wp\/v2\/comments?post=182"}],"version-history":[{"count":5,"href":"https:\/\/stacjaterapiitraumy.pl\/index.php\/wp-json\/wp\/v2\/pages\/182\/revisions"}],"predecessor-version":[{"id":254,"href":"https:\/\/stacjaterapiitraumy.pl\/index.php\/wp-json\/wp\/v2\/pages\/182\/revisions\/254"}],"wp:attachment":[{"href":"https:\/\/stacjaterapiitraumy.pl\/index.php\/wp-json\/wp\/v2\/media?parent=182"}],"curies":[{"name":"wp","href":"https:\/\/api.w.org\/{rel}","templated":true}]}}