{"id":172,"date":"2026-02-08T11:53:57","date_gmt":"2026-02-08T11:53:57","guid":{"rendered":"https:\/\/stacjaterapiitraumy.pl\/?page_id=172"},"modified":"2026-02-14T14:30:21","modified_gmt":"2026-02-14T14:30:21","slug":"dr-joanna-piskorz","status":"publish","type":"page","link":"https:\/\/stacjaterapiitraumy.pl\/index.php\/dr-joanna-piskorz\/","title":{"rendered":"dr Joanna Piskorz"},"content":{"rendered":"\n<figure class=\"wp-block-image size-full is-resized\"><img loading=\"lazy\" decoding=\"async\" width=\"1366\" height=\"2048\" src=\"http:\/\/stacjaterapiitraumy.pl\/wp-content\/uploads\/2026\/01\/joannapiskorz.jpg\" alt=\"\" class=\"wp-image-194\" style=\"width:300px\" srcset=\"https:\/\/stacjaterapiitraumy.pl\/wp-content\/uploads\/2026\/01\/joannapiskorz.jpg 1366w, https:\/\/stacjaterapiitraumy.pl\/wp-content\/uploads\/2026\/01\/joannapiskorz-200x300.jpg 200w, https:\/\/stacjaterapiitraumy.pl\/wp-content\/uploads\/2026\/01\/joannapiskorz-683x1024.jpg 683w, https:\/\/stacjaterapiitraumy.pl\/wp-content\/uploads\/2026\/01\/joannapiskorz-768x1151.jpg 768w, https:\/\/stacjaterapiitraumy.pl\/wp-content\/uploads\/2026\/01\/joannapiskorz-1025x1536.jpg 1025w\" sizes=\"auto, (max-width: 1366px) 100vw, 1366px\" \/><\/figure>\n\n\n\n<p><\/p>\n\n\n\n<p>Jestem psychologiem oraz doktorem nauk humanistycznych w dziedzinie psychologii. Posiadam wieloletnie do\u015bwiadczenie zar\u00f3wno w praktyce, jak i w pracy akademickiej. Od ponad 20 lat zwi\u0105zana jestem z Uniwersytetem Wroc\u0142awskim, gdzie obecnie pe\u0142ni\u0119 funkcj\u0119 zast\u0119pczyni dyrektora ds. og\u00f3lnych <a href=\"https:\/\/psychologia.uwr.edu.pl\/\">Instytutu Psychologii<\/a> UWr.<\/p>\n\n\n\n<p>W swojej pracy akademickiej anga\u017cuj\u0119 si\u0119 nie tylko w dydaktyk\u0119 i badania (dotycz\u0105ce np. <a href=\"https:\/\/pubmed.ncbi.nlm.nih.gov\/38624238\/\">zastosowanie wirtualnej rzeczywisto\u015bci w redukcji dozna\u0144 b\u00f3lowych<\/a>, czy <a href=\"https:\/\/pubmed.ncbi.nlm.nih.gov\/39476253\/\">wp\u0142yw \u0107wicze\u0144 oddechowych na poziom odczuwanego stresu i l\u0119ku<\/a>), ale r\u00f3wnie\u017c organizuj\u0119 spotkania z wybitnymi praktykami i teoretykami, przybli\u017caj\u0105c spo\u0142eczno\u015bci wroc\u0142awskiej r\u00f3\u017cnorodne nurty oraz zagadnienia zwi\u0105zane z prac\u0105 terapeutyczn\u0105.<\/p>\n\n\n\n<p>Jako terapeutka specjalizuj\u0119 si\u0119 w pracy indywidualnej z osobami, kt\u00f3re do\u015bwiadczy\u0142y traumy rozwojowej. Jestem certyfikowanym praktykiem NARM\u2122 (<a href=\"https:\/\/stacjaterapiitraumy.pl\/index.php\/neuroafektywny-model-relacyjny-narm\/\" data-type=\"page\" data-id=\"65\">Neuroafektywny Model Relacyjny<\/a>), co pozwala mi na skuteczne wspieranie moich klient\u00f3w. W swojej pracy z drugim cz\u0142owiekiem opieram si\u0119 na byciu \u201etu i teraz\u201d, staraj\u0105c si\u0119 integrowa\u0107 wszystkie sfery funkcjonowania cz\u0142owieka \u2013 poznawcz\u0105, emocjonaln\u0105, cielesn\u0105 oraz duchow\u0105.<\/p>\n\n\n\n<p>W swoim rozwoju zawodowym uczestniczy\u0142am w kursach i szkoleniach z zakresu pracy z rodzin\u0105, terapii Gestalt, ustawie\u0144 systemowych w organizacji, dynamicznej medytacji w ruchu oraz technik relaksacyjno-wyobra\u017ceniowych. Nieustannie pog\u0142\u0119biam swoj\u0105 wiedz\u0119, bior\u0105c udzia\u0142 w kursach i szkoleniach dotycz\u0105cych podej\u015bcia NARM\u2122. Moj\u0105 prac\u0119 poddaj\u0119 regularnej superwizji u certyfikowanych superwizor\u00f3w NARM\u2122 zar\u00f3wno w Polsce, jak i w Niemczech. Nale\u017c\u0119 do <a href=\"https:\/\/sttr.pl\/\">Stowarzyszenia Terapeut\u00f3w Traumy Relacyjnej<\/a>.<\/p>\n\n\n\n<p><strong>Kontakt<\/strong><\/p>\n\n\n\n<p>tel. 609582493<\/p>\n\n\n\n<p>e-mail:\u00a0<a href=\"mailto:joanna.ewa.piskorz@gmail.com\">joanna.ewa.piskorz@gmail.com<\/a><\/p>\n\n\n\n<p>gabinet: Wroc\u0142aw, ul. Kolejowa 34a\/7<\/p>\n","protected":false},"excerpt":{"rendered":"<p>Jestem psychologiem oraz doktorem nauk humanistycznych w dziedzinie psychologii. Posiadam wieloletnie do\u015bwiadczenie zar\u00f3wno w praktyce, jak i w pracy akademickiej. Od ponad 20 lat zwi\u0105zana jestem z Uniwersytetem Wroc\u0142awskim, gdzie obecnie pe\u0142ni\u0119 funkcj\u0119 zast\u0119pczyni dyrektora ds. og\u00f3lnych Instytutu Psychologii UWr. W swojej pracy akademickiej anga\u017cuj\u0119 si\u0119 nie tylko w dydaktyk\u0119 i badania (dotycz\u0105ce np. zastosowanie [&hellip;]<\/p>\n","protected":false},"author":1,"featured_media":0,"parent":0,"menu_order":0,"comment_status":"closed","ping_status":"closed","template":"","meta":{"footnotes":""},"class_list":["post-172","page","type-page","status-publish","hentry"],"_links":{"self":[{"href":"https:\/\/stacjaterapiitraumy.pl\/index.php\/wp-json\/wp\/v2\/pages\/172","targetHints":{"allow":["GET"]}}],"collection":[{"href":"https:\/\/stacjaterapiitraumy.pl\/index.php\/wp-json\/wp\/v2\/pages"}],"about":[{"href":"https:\/\/stacjaterapiitraumy.pl\/index.php\/wp-json\/wp\/v2\/types\/page"}],"author":[{"embeddable":true,"href":"https:\/\/stacjaterapiitraumy.pl\/index.php\/wp-json\/wp\/v2\/users\/1"}],"replies":[{"embeddable":true,"href":"https:\/\/stacjaterapiitraumy.pl\/index.php\/wp-json\/wp\/v2\/comments?post=172"}],"version-history":[{"count":7,"href":"https:\/\/stacjaterapiitraumy.pl\/index.php\/wp-json\/wp\/v2\/pages\/172\/revisions"}],"predecessor-version":[{"id":255,"href":"https:\/\/stacjaterapiitraumy.pl\/index.php\/wp-json\/wp\/v2\/pages\/172\/revisions\/255"}],"wp:attachment":[{"href":"https:\/\/stacjaterapiitraumy.pl\/index.php\/wp-json\/wp\/v2\/media?parent=172"}],"curies":[{"name":"wp","href":"https:\/\/api.w.org\/{rel}","templated":true}]}}